{"id":599,"date":"2024-06-16T12:05:55","date_gmt":"2024-06-16T12:05:55","guid":{"rendered":"https:\/\/womensmovimento.ch\/?post_type=product&#038;p=599"},"modified":"2025-03-20T13:52:27","modified_gmt":"2025-03-20T13:52:27","slug":"springs-ts-pro6","status":"publish","type":"product","link":"https:\/\/womensmovimento.ch\/it\/prodotto\/springs-ts-pro6\/","title":{"rendered":"Springs TS-Pro6"},"content":{"rendered":"<p>T-Springs f\u00fcr Kangoo Jumps Boots in unterschiedlichen Farben erh\u00e4ltlich. Die Gummis sollten alle 100-150 Trainingsstunden erneuert werden um einen optimalen Rebound zu erhalten.<\/p>\n<p>Bei den Kangoo Jumps T-Springs bieten wir 3 verschieden H\u00e4rtegrade an. Passend f\u00fcr alle original Kangoo Jumps Boots, ausser f\u00fcr Kinderschuhe KJ Power Shoes. F\u00fcr Kangoo Jumps Power Shoe werden seperate, eigene Gummis (T-Springs) angeboten. Folgende Gummi-Varianten gibt es f\u00fcr Kangoo Jumps KJ XR3 und KJ Pro7 Schuhe:<br style=\"font-weight: 400;\" \/><b><strong>Kangoo Jumps XR3 T-Springs = Normale H\u00e4rte<\/strong><\/b><br style=\"font-weight: 400;\" \/><b><strong>Kangoo Jumps Pro7 T-Springs = mittelhart<\/strong><\/b><br style=\"font-weight: 400;\" \/><b><strong>Kangoo Jumps Pro6 T-Springs = hart<\/strong><\/b><\/p>","protected":false},"excerpt":{"rendered":"<p>T-Springs f\u00fcr Kangoo Jumps Boots in unterschiedlichen Farben erh\u00e4ltlich. Die Gummis sollten alle 100-150 Trainingsstunden erneuert werden um einen optimalen Rebound zu erhalten. Bei den Kangoo Jumps T-Springs bieten wir 3 verschieden H\u00e4rtegrade an. Passend f\u00fcr alle original Kangoo Jumps Boots, ausser f\u00fcr Kinderschuhe KJ Power Shoes. F\u00fcr Kangoo Jumps Power Shoe werden seperate, eigene [&hellip;]<\/p>\n","protected":false},"featured_media":1819,"comment_status":"open","ping_status":"closed","template":"","meta":[],"product_brand":[],"product_cat":[18],"product_tag":[],"class_list":{"0":"post-599","1":"product","2":"type-product","3":"status-publish","4":"has-post-thumbnail","6":"product_cat-unkategorisiert","8":"first","9":"instock","10":"taxable","11":"shipping-taxable","12":"purchasable","13":"product-type-variable"},"jetpack_sharing_enabled":true,"_links":{"self":[{"href":"https:\/\/womensmovimento.ch\/it\/wp-json\/wp\/v2\/product\/599","targetHints":{"allow":["GET"]}}],"collection":[{"href":"https:\/\/womensmovimento.ch\/it\/wp-json\/wp\/v2\/product"}],"about":[{"href":"https:\/\/womensmovimento.ch\/it\/wp-json\/wp\/v2\/types\/product"}],"replies":[{"embeddable":true,"href":"https:\/\/womensmovimento.ch\/it\/wp-json\/wp\/v2\/comments?post=599"}],"version-history":[{"count":2,"href":"https:\/\/womensmovimento.ch\/it\/wp-json\/wp\/v2\/product\/599\/revisions"}],"predecessor-version":[{"id":2668,"href":"https:\/\/womensmovimento.ch\/it\/wp-json\/wp\/v2\/product\/599\/revisions\/2668"}],"wp:featuredmedia":[{"embeddable":true,"href":"https:\/\/womensmovimento.ch\/it\/wp-json\/wp\/v2\/media\/1819"}],"wp:attachment":[{"href":"https:\/\/womensmovimento.ch\/it\/wp-json\/wp\/v2\/media?parent=599"}],"wp:term":[{"taxonomy":"product_brand","embeddable":true,"href":"https:\/\/womensmovimento.ch\/it\/wp-json\/wp\/v2\/product_brand?post=599"},{"taxonomy":"product_cat","embeddable":true,"href":"https:\/\/womensmovimento.ch\/it\/wp-json\/wp\/v2\/product_cat?post=599"},{"taxonomy":"product_tag","embeddable":true,"href":"https:\/\/womensmovimento.ch\/it\/wp-json\/wp\/v2\/product_tag?post=599"}],"curies":[{"name":"wp","href":"https:\/\/api.w.org\/{rel}","templated":true}]}}