{"id":534,"date":"2024-06-16T11:24:47","date_gmt":"2024-06-16T11:24:47","guid":{"rendered":"https:\/\/womensmovimento.ch\/?post_type=product&#038;p=534"},"modified":"2025-11-06T13:32:33","modified_gmt":"2025-11-06T13:32:33","slug":"kangoo-jumps-kj-xr3-special-edition-white","status":"publish","type":"product","link":"https:\/\/womensmovimento.ch\/it\/prodotto\/kangoo-jumps-kj-xr3-special-edition-white\/","title":{"rendered":"Kangoo Jumps \u00ae KJ-XR3 Special Edition White"},"content":{"rendered":"<p><img fetchpriority=\"high\" decoding=\"async\" class=\"alignnone size-medium wp-image-1802\" src=\"https:\/\/womensmovimento.ch\/wp-content\/uploads\/2024\/06\/y7yDWrm_-284x300.png\" alt=\"\" width=\"284\" height=\"300\" srcset=\"https:\/\/womensmovimento.ch\/wp-content\/uploads\/2024\/06\/y7yDWrm_-284x300.png 284w, https:\/\/womensmovimento.ch\/wp-content\/uploads\/2024\/06\/y7yDWrm_-768x810.png 768w, https:\/\/womensmovimento.ch\/wp-content\/uploads\/2024\/06\/y7yDWrm_-11x12.png 11w, https:\/\/womensmovimento.ch\/wp-content\/uploads\/2024\/06\/y7yDWrm_-600x633.png 600w, https:\/\/womensmovimento.ch\/wp-content\/uploads\/2024\/06\/y7yDWrm_.png 948w\" sizes=\"(max-width: 284px) 100vw, 284px\" \/><img decoding=\"async\" class=\"alignnone size-medium wp-image-1801\" src=\"https:\/\/womensmovimento.ch\/wp-content\/uploads\/2024\/06\/6cRnrHRz-284x300.png\" alt=\"\" width=\"284\" height=\"300\" srcset=\"https:\/\/womensmovimento.ch\/wp-content\/uploads\/2024\/06\/6cRnrHRz-284x300.png 284w, https:\/\/womensmovimento.ch\/wp-content\/uploads\/2024\/06\/6cRnrHRz-768x810.png 768w, https:\/\/womensmovimento.ch\/wp-content\/uploads\/2024\/06\/6cRnrHRz-11x12.png 11w, https:\/\/womensmovimento.ch\/wp-content\/uploads\/2024\/06\/6cRnrHRz-600x633.png 600w, https:\/\/womensmovimento.ch\/wp-content\/uploads\/2024\/06\/6cRnrHRz.png 948w\" sizes=\"(max-width: 284px) 100vw, 284px\" \/><\/p>\n<p>Passender Allesk\u00f6nner-Modell Special Edition White!<\/p>\n<p>Kangoo Jumps bietet f\u00fcr jeden das passende Modell. Egal ob jung oder alt &#8211; ob als Hobby- oder Profisportler. Women\u2019s Movimento liefert dir deine Boots direk nach Hause.<\/p>\n<ul>\n<li>Indoor- und Outdoornutzung<\/li>\n<li>Hilfe bei Gelenk- und R\u00fcckenprobleme<\/li>\n<li>H\u00f6herer Kalorienverbrauch<\/li>\n<li>F\u00fcr Rehabilitation<\/li>\n<li>Kurze Lieferzeit CH garantiert<\/li>\n<\/ul>\n<p>&nbsp;<\/p>","protected":false},"excerpt":{"rendered":"<p>\u00c8 il modello tuttofare, unisex, per tutti e pu\u00f2 essere utilizzato fino a circa 85 KG di peso corporeo, a seconda dell'attrezzatura. Adatto anche per adolescenti e bambini a partire da 35 KG. \u00c8 il modello consigliato per i programmi di fitness Kangoo Jumps. La scarpa interna \u00e8 rimovibile e lavabile in lavatrice. \u00c8 estremamente confortevole (anche per le maratone). Si adatta a circa il 90% degli utenti.<\/p>","protected":false},"featured_media":1801,"comment_status":"open","ping_status":"closed","template":"","meta":[],"product_brand":[],"product_cat":[23],"product_tag":[25,24],"class_list":{"0":"post-534","1":"product","2":"type-product","3":"status-publish","4":"has-post-thumbnail","6":"product_cat-kangoo-jumps","7":"product_tag-boots","8":"product_tag-kangoo-jumps","10":"first","11":"outofstock","12":"taxable","13":"shipping-taxable","14":"purchasable","15":"product-type-variable"},"jetpack_sharing_enabled":true,"_links":{"self":[{"href":"https:\/\/womensmovimento.ch\/it\/wp-json\/wp\/v2\/product\/534","targetHints":{"allow":["GET"]}}],"collection":[{"href":"https:\/\/womensmovimento.ch\/it\/wp-json\/wp\/v2\/product"}],"about":[{"href":"https:\/\/womensmovimento.ch\/it\/wp-json\/wp\/v2\/types\/product"}],"replies":[{"embeddable":true,"href":"https:\/\/womensmovimento.ch\/it\/wp-json\/wp\/v2\/comments?post=534"}],"version-history":[{"count":2,"href":"https:\/\/womensmovimento.ch\/it\/wp-json\/wp\/v2\/product\/534\/revisions"}],"predecessor-version":[{"id":2397,"href":"https:\/\/womensmovimento.ch\/it\/wp-json\/wp\/v2\/product\/534\/revisions\/2397"}],"wp:featuredmedia":[{"embeddable":true,"href":"https:\/\/womensmovimento.ch\/it\/wp-json\/wp\/v2\/media\/1801"}],"wp:attachment":[{"href":"https:\/\/womensmovimento.ch\/it\/wp-json\/wp\/v2\/media?parent=534"}],"wp:term":[{"taxonomy":"product_brand","embeddable":true,"href":"https:\/\/womensmovimento.ch\/it\/wp-json\/wp\/v2\/product_brand?post=534"},{"taxonomy":"product_cat","embeddable":true,"href":"https:\/\/womensmovimento.ch\/it\/wp-json\/wp\/v2\/product_cat?post=534"},{"taxonomy":"product_tag","embeddable":true,"href":"https:\/\/womensmovimento.ch\/it\/wp-json\/wp\/v2\/product_tag?post=534"}],"curies":[{"name":"wp","href":"https:\/\/api.w.org\/{rel}","templated":true}]}}