{"id":1832,"date":"2024-10-28T10:36:53","date_gmt":"2024-10-28T10:36:53","guid":{"rendered":"https:\/\/womensmovimento.ch\/?post_type=product&#038;p=1832"},"modified":"2025-03-20T13:50:13","modified_gmt":"2025-03-20T13:50:13","slug":"carry-belt-kangoo-jumps","status":"publish","type":"product","link":"https:\/\/womensmovimento.ch\/it\/prodotto\/carry-belt-kangoo-jumps\/","title":{"rendered":"Carry Belt Kangoo Jumps"},"content":{"rendered":"<p>Fester Tragegurt f\u00fcr den Transport. Die coole Art Ihre Kangoo Jumps Boots zu transportieren.<\/p>","protected":false},"excerpt":{"rendered":"<p>Diese Tasche verf\u00fcgt auch \u00fcber eine Multi-Use-Tasche auf der R\u00fcckseite und einer transparente Tasche (f\u00fcr ein Namensschild) und ist in 4 Farben verf\u00fcgbar.<\/p>","protected":false},"featured_media":445,"comment_status":"open","ping_status":"closed","template":"","meta":[],"product_brand":[],"product_cat":[18],"product_tag":[],"class_list":{"0":"post-1832","1":"product","2":"type-product","3":"status-publish","4":"has-post-thumbnail","6":"product_cat-unkategorisiert","8":"first","9":"instock","10":"taxable","11":"shipping-taxable","12":"purchasable","13":"product-type-variable"},"jetpack_sharing_enabled":true,"_links":{"self":[{"href":"https:\/\/womensmovimento.ch\/it\/wp-json\/wp\/v2\/product\/1832","targetHints":{"allow":["GET"]}}],"collection":[{"href":"https:\/\/womensmovimento.ch\/it\/wp-json\/wp\/v2\/product"}],"about":[{"href":"https:\/\/womensmovimento.ch\/it\/wp-json\/wp\/v2\/types\/product"}],"replies":[{"embeddable":true,"href":"https:\/\/womensmovimento.ch\/it\/wp-json\/wp\/v2\/comments?post=1832"}],"version-history":[{"count":2,"href":"https:\/\/womensmovimento.ch\/it\/wp-json\/wp\/v2\/product\/1832\/revisions"}],"predecessor-version":[{"id":2593,"href":"https:\/\/womensmovimento.ch\/it\/wp-json\/wp\/v2\/product\/1832\/revisions\/2593"}],"wp:featuredmedia":[{"embeddable":true,"href":"https:\/\/womensmovimento.ch\/it\/wp-json\/wp\/v2\/media\/445"}],"wp:attachment":[{"href":"https:\/\/womensmovimento.ch\/it\/wp-json\/wp\/v2\/media?parent=1832"}],"wp:term":[{"taxonomy":"product_brand","embeddable":true,"href":"https:\/\/womensmovimento.ch\/it\/wp-json\/wp\/v2\/product_brand?post=1832"},{"taxonomy":"product_cat","embeddable":true,"href":"https:\/\/womensmovimento.ch\/it\/wp-json\/wp\/v2\/product_cat?post=1832"},{"taxonomy":"product_tag","embeddable":true,"href":"https:\/\/womensmovimento.ch\/it\/wp-json\/wp\/v2\/product_tag?post=1832"}],"curies":[{"name":"wp","href":"https:\/\/api.w.org\/{rel}","templated":true}]}}